{"id":2227,"date":"2020-11-20T11:42:34","date_gmt":"2020-11-20T10:42:34","guid":{"rendered":"https:\/\/nena-hotels.de\/kreuzberg-61\/"},"modified":"2025-02-21T16:41:22","modified_gmt":"2025-02-21T15:41:22","slug":"kreuzberg-61","status":"publish","type":"page","link":"https:\/\/nena-hotels.de\/en\/locations\/berlin\/kreuzberg-61\/","title":{"rendered":"Nena Kreuzberg 61"},"content":{"rendered":"<div class=\"wpb-content-wrapper\"><p>[vc_row full_width=&#8221;stretch_row_content_no_spaces&#8221; disable_element=&#8221;yes&#8221;][vc_column][vc_carousel_father arrowclr=&#8221;#ffffff&#8221; dot=&#8221;false&#8221;][vc_carousel_son align=&#8221;left&#8221; titlesize=&#8221;63px&#8221; image_id=&#8221;1676&#8243; img_height=&#8221;800px&#8221; img_width=&#8221;100%&#8221; titleclr=&#8221;#000000&#8243; title=&#8221;Dein R\u00fcckzugsort im Herzen der Stadt&#8221;][\/vc_carousel_son][vc_carousel_son align=&#8221;left&#8221; titlesize=&#8221;63px&#8221; image_id=&#8221;1664&#8243; img_height=&#8221;800px&#8221; img_width=&#8221;100%&#8221; titleclr=&#8221;#000000&#8243;][\/vc_carousel_son][\/vc_carousel_father][\/vc_column][\/vc_row][vc_row][vc_column][vc_empty_space]<h2 class=\"nena-heading  width-60 \" style=\"color:#000000;\"><span class=\"overtitle\" style=\"color:#000000; border-color: #d65f3a;\">Berlin Kreuzberg 61<\/span>Your Retreat in the Heart of the City<\/h2>[\/vc_column][\/vc_row][vc_row full_width=&#8221;stretch_row&#8221; gap=&#8221;35&#8243;][vc_column width=&#8221;1\/2&#8243; css=&#8221;.vc_custom_1720004137357{margin-top: -25px !important;}&#8221;][vc_column_text css=&#8221;&#8221;]<\/p>\n<p class=\"p1\">Kreuzberg is a district known not only for its wild side but also for its relaxed and colorful atmosphere. Discover the difference between the exciting Kreuzberg 36 and the sophisticated Kreuzberg 61 with its charming caf\u00e9s and shops. In our accommodations on Bl\u00fccherstra\u00dfe, Berlin explorers and discerning business travelers will find an ideal retreat for short and long stays.<\/p>\n<p>[\/vc_column_text][\/vc_column][vc_column width=&#8221;1\/2&#8243; css=&#8221;.vc_custom_1720004143157{margin-top: -25px !important;}&#8221;][vc_column_text css=&#8221;&#8221;]<\/p>\n<p class=\"p1\">Just a stone&#8217;s throw from the popular Bergmannkiez with its cozy caf\u00e9s and restaurants, our location is perfect for inspiring walks through the city. For those who enjoy being active, Tempelhofer Feld invites you for long walks, bike rides, or skating adventures.<\/p>\n<p>[\/vc_column_text][\/vc_column][\/vc_row][vc_row][vc_column]<div class=\"nena-carousel\"><div class=\"carousel-item\" data-description=\"\">\n                <div class=\"slide-img\">\n                    <img decoding=\"async\" src=\"https:\/\/nena-hotels.de\/wp-content\/uploads\/2024\/09\/Berlin-Kreuzberg61-4-567x795.jpg\" alt=\"\">\n                <\/div>\n            <\/div><div class=\"carousel-item\" data-description=\"\">\n                <div class=\"slide-img\">\n                    <img decoding=\"async\" src=\"https:\/\/nena-hotels.de\/wp-content\/uploads\/2024\/09\/Berlin-Kreuzberg61-2-567x795.jpg\" alt=\"\">\n                <\/div>\n            <\/div><div class=\"carousel-item\" data-description=\"\">\n                <div class=\"slide-img\">\n                    <img decoding=\"async\" src=\"https:\/\/nena-hotels.de\/wp-content\/uploads\/2024\/09\/Berlin-Kreuzberg61-3-567x795.jpg\" alt=\"\">\n                <\/div>\n            <\/div><div class=\"carousel-item\" data-description=\"\">\n                <div class=\"slide-img\">\n                    <img decoding=\"async\" src=\"https:\/\/nena-hotels.de\/wp-content\/uploads\/2024\/09\/Berlin-Kreuzberg61-5-567x795.jpg\" alt=\"\">\n                <\/div>\n            <\/div><div class=\"carousel-item\" data-description=\"\">\n                <div class=\"slide-img\">\n                    <img decoding=\"async\" src=\"https:\/\/nena-hotels.de\/wp-content\/uploads\/2024\/09\/Berlin-Kreuzberg61-1-567x795.jpg\" alt=\"\">\n                <\/div>\n            <\/div><\/div><div class=\"nena-carousel-descriptions\"><\/div>[\/vc_column][\/vc_row][vc_row css=&#8221;.vc_custom_1717161680081{margin-top: 100px !important;}&#8221;][vc_column]<h2 class=\"nena-heading   \" style=\"color:#000000;\"><span class=\"overtitle\" style=\"color:#000000; border-color: #d65f3a;\">Amenities<\/span><\/h2>[\/vc_column][\/vc_row][vc_row full_width=&#8221;stretch_row&#8221; css=&#8221;.vc_custom_1719343670856{margin-bottom: 50px !important;}&#8221;][vc_column width=&#8221;1\/2&#8243;]<ul class=\"nena-icon-list \"><li class=\"\"><span class=\"list-icon\"><img decoding=\"async\" src=\"https:\/\/nena-hotels.de\/wp-content\/uploads\/2024\/06\/nena_icon_24h-erreichbar.svg\"><\/span>Reception and digital 24\/7 check-in<\/li><li class=\"\"><span class=\"list-icon\"><img decoding=\"async\" src=\"https:\/\/nena-hotels.de\/wp-content\/uploads\/2024\/06\/nena_icon_Kueche.svg\"><\/span>Fully equipped kitchens<\/li><li class=\"\"><span class=\"list-icon\"><img decoding=\"async\" src=\"https:\/\/nena-hotels.de\/wp-content\/uploads\/2024\/06\/nena_icon_Waschmaschine.svg\"><\/span>Washer &amp; dryer on site<\/li><li class=\"\"><span class=\"list-icon\"><img decoding=\"async\" src=\"https:\/\/nena-hotels.de\/wp-content\/uploads\/2024\/06\/nena_icon_Wlan.svg\"><\/span>WIFI, cable TV<\/li><\/ul>[\/vc_column][vc_column width=&#8221;1\/2&#8243;]<ul class=\"nena-icon-list \"><li class=\"\"><span class=\"list-icon\"><img decoding=\"async\" src=\"https:\/\/nena-hotels.de\/wp-content\/uploads\/2024\/06\/nena_icon_Rooftop.svg\"><\/span>Partly with balcony\/terrace<\/li><li class=\"\"><span class=\"list-icon\"><img decoding=\"async\" src=\"https:\/\/nena-hotels.de\/wp-content\/uploads\/2024\/06\/nena_icon_Dusche.svg\"><\/span>Bathrooms with shower and toilet<\/li><li class=\"\"><span class=\"list-icon\"><img decoding=\"async\" src=\"https:\/\/nena-hotels.de\/wp-content\/uploads\/2024\/06\/nena_icon_Handtuecher.svg\"><\/span>Bed linens, towels, hairdryer<\/li><\/ul>[\/vc_column][\/vc_row][vc_row][vc_column]<div class=\"nena-call-us \"><div class=\"ncu-content\"><h3 class=\"ncu-title\">Nena Host<\/h3><div class=\"ncu-name\">Our house manager Anna takes personal care of you and ensures that you feel comfortable from the start with her warm personality. Anna is always available with valuable tips about the area and helps you make the most of your stay in Kreuzberg.<\/div><div class=\"ncu-position\"><\/div><div class=\"ncu-phone\"><\/div><div class=\"ncu-email\"><\/div><\/div><div class=\"ncu-img\" style=\"background-image: url(https:\/\/nena-hotels.de\/wp-content\/uploads\/2021\/04\/nena_blu\u2560e_extra-15-567x795.jpg)\"><\/div><\/div>[\/vc_column][\/vc_row][vc_row][vc_column]<h2 class=\"nena-heading   \" style=\"color:#000000;\"><span class=\"overtitle\" style=\"color:#000000; border-color: #d65f3a;\">Policies<\/span><\/h2>[\/vc_column][\/vc_row][vc_row full_width=&#8221;stretch_row&#8221;][vc_column width=&#8221;1\/4&#8243;][vc_column_text css=&#8221;&#8221;]<\/p>\n<h6 class=\"p1\">Check-in\/out Times<\/h6>\n<p>[\/vc_column_text]<ul class=\"nena-icon-list \"><li class=\"\"><span class=\"list-icon\"><img decoding=\"async\" src=\"https:\/\/nena-hotels.de\/wp-content\/uploads\/2024\/06\/nena_icon_CheckOut.svg\"><\/span>Arrival: 3 PM<\/li><li class=\"\"><span class=\"list-icon\"><img decoding=\"async\" src=\"https:\/\/nena-hotels.de\/wp-content\/uploads\/2024\/06\/nena_icon_CheckIn.svg\"><\/span>Departure: 10 AM<\/li><\/ul>[\/vc_column][vc_column width=&#8221;1\/4&#8243;][vc_column_text css=&#8221;&#8221;]<\/p>\n<h6 class=\"p1\">House Rules<\/h6>\n<p>[\/vc_column_text]<ul class=\"nena-icon-list \"><li class=\"\"><span class=\"list-icon\"><img decoding=\"async\" src=\"https:\/\/nena-hotels.de\/wp-content\/uploads\/2024\/06\/nena_icon_Rauchverbot.svg\"><\/span>No smoking<\/li><li class=\"\"><span class=\"list-icon\"><img decoding=\"async\" src=\"https:\/\/nena-hotels.de\/wp-content\/uploads\/2024\/06\/nena_icon_Haustiere.svg\"><\/span>Pets allowed<\/li><\/ul>[\/vc_column][vc_column width=&#8221;1\/4&#8243;][vc_column_text css=&#8221;&#8221;]<\/p>\n<h6 class=\"p1\">Other Information<\/h6>\n<p>[\/vc_column_text]<ul class=\"nena-icon-list \"><li class=\"\"><span class=\"list-icon\"><img decoding=\"async\" src=\"https:\/\/nena-hotels.de\/wp-content\/uploads\/2024\/06\/nena_icon_24h-erreichbar.svg\"><\/span>Reception: 10 AM - 6 PM<\/li><li class=\"\"><span class=\"list-icon\"><img decoding=\"async\" src=\"https:\/\/nena-hotels.de\/wp-content\/uploads\/2024\/06\/nena_icon_keine-Musik.svg\"><\/span>No parties<\/li><\/ul>[\/vc_column][vc_column width=&#8221;1\/4&#8243;][vc_column_text css=&#8221;&#8221;]<\/p>\n<h6>Stornobedingungen<\/h6>\n<p>[\/vc_column_text][vc_column_text css=&#8221;&#8221;]<\/p>\n<p class=\"p1\">Bei uns hast du die Wahl: Entweder du sicherst dir den Sparpreis und freust dich auf ein Schn\u00e4ppchen, oder du w\u00e4hlst den flexiblen Preis und beh\u00e4ltst die M\u00f6glichkeit, bis zum Anreisetag um 14 Uhr kostenfrei zu stornieren. Entscheide selbst, wie du am liebsten reisen m\u00f6chtest!<\/p>\n<p>[\/vc_column_text][\/vc_column][\/vc_row][vc_row][vc_column][vc_empty_space height=&#8221;50px&#8221; el_class=&#8221;empty-space-mobile-small&#8221;][\/vc_column][\/vc_row][vc_row][vc_column]<h2 class=\"nena-heading   \" style=\"color:#000000;\"><span class=\"overtitle\" style=\"color:#000000; border-color: #d65f3a;\">Contact<\/span><\/h2><div class=\"nena_map single_location_map\" id=\"vweyrzld\"><\/div>\n\n   \t\t\t<script\n\t\t      src=\"https:\/\/maps.googleapis.com\/maps\/api\/js?key=AIzaSyDPufHAL40QfiVahMVZeGX7qsfSU3FBzUk&callback=initMap&libraries=&v=weekly\"\n\t\t      defer\n\t\t    ><\/script>\n\n\t\t    <script>\n\n\t\t    var isSingleLocation = true;\n\n\t\t    let map;\n\t\t    let mapData = '{\"Berlin\":[{\"name\":\"Nena Apartment Kreuzberg 61\",\"lat\":\"52.4955743\",\"lng\":\"13.3963464\",\"url\":\"https:\\\/\\\/www.google.com\\\/maps\\\/place\\\/Nena+Apartments+Kreuzberg+61\\\/@52.5121006,13.4122053,17z\\\/data=!3m1!4b1!4m8!3m7!1s0x47a84f13b7e07a93:0x9c6bd52cdb71f2eb!5m2!4m1!1i2!8m2!3d52.4956707!4d13.3961891\"}],\"M\\u00fcnchen\":[],\"Leipzig\":[],\"Hamburg\":[],\"Bochum\":[]}';\n\n\t\t    \/\/Kreuzberg Berlin\n\t\t    let latlngBerlin = {\n\t\t    \tlat: 52.493450,\n\t\t    \tlng: 13.394960\n\t\t    };\n\n\t\t    let latlngMunchen = {\n\t\t    \tlat: 48.1371079,\n\t\t    \tlng: 11.5753822\n\t\t    };\n\n\t\t    let latlngLeipzig = {\n\t\t    \tlat: 51.3406321,\n\t\t    \tlng: 12.3747329\n\t\t    };\n\n\t\t    let myStyles =[\n\t\t\t    {\n\t\t\t        featureType: \"poi\",\n\t\t\t        elementType: \"labels\",\n\t\t\t        stylers: [\n\t\t\t              { visibility: \"off\" }\n\t\t\t        ]\n\t\t\t    }\n\t\t\t];\n\n\t\t\tvar centerLatLng = latlngBerlin;\n\n\t\t\tfunction initMap() {\n\n\t\t\tif(isSingleLocation) {\n\n\t\t\t\tcenterLatLng = {\n\t\t\t\t\tlat: 52.4955743,\n\t\t\t\t\tlng: 13.3963464\n\t\t\t\t}\n\t\t\t}\n\n\t\t\t  map = new google.maps.Map(document.getElementById(\"vweyrzld\"), {\n\t\t\t    center: centerLatLng, \/\/On load center it\n\t\t\t    zoom: 11,\n\t\t\t    disableDefaultUI: true,\n\t\t\t    styles: myStyles\n\t\t\t  });\n\n\t\t\t  \/\/markers\n\t\t\t  var markers = [];\n\t\t\t  var markerIcon = \"https:\/\/nena-hotels.de\/wp-content\/themes\/nena\/images\/logo-sign-marker.svg\";\n\n\t\t\t  var cities = [];\n\t\t\t  let data = JSON.parse(mapData);\n\t\t\t  \tfor (const city in data) {\n\t\t\t\t  let cityData = data[city];\n\t\t\t\t  cityData.forEach(item => {\n\t\t\t\t  \tlet marker = {\n\t\t\t\t  \t\tlat: item.lat, \n\t\t\t\t  \t\tlng: item.lng,\n\t\t\t\t  \t\ttitle: item.name,\n                        url: item.url\n\t\t\t\t  \t};\n\t\t\t\t  \tmarkers.push(marker);\n\t\t\t\t  });\n\t\t\t\t}\n\n\t\t\t\tlet infowindow = new google.maps.InfoWindow();\n\n\t\t\t\tmarkers.forEach( m => {\n\t\t\t\t\tconst infowindow = new google.maps.InfoWindow({\n\t\t\t\t\t    content: \"<a href=\\\"\"+m.url+\"\\\"><strong>\"+m.title+\"<\/strong><\/a>\",\n\t\t\t\t\t });\n\t\t\t\t\tconst marker = new google.maps.Marker({\n\t\t\t\t\t\tposition: {\n\t\t\t\t\t\t\tlat: parseFloat(m.lat),\n\t\t\t\t\t\t\tlng: parseFloat(m.lng)\n\t\t\t\t\t\t},\n\t\t\t\t\t\tmap,\n\t\t\t\t\t\ttitle: m.title,\n\t\t\t\t\t\ticon: markerIcon\n\t\t\t\t\t});\n\n\t\t\t\t\tmarker.addListener(\"click\", () => {\n\t\t\t\t\t    infowindow.open(map, marker);\n\t\t\t\t\t});\n\n\t\t\t\t});\n\n\t\t\t\tlet btns = document.querySelectorAll(\".map_btns > button\");\n\t\t\t\tbtns.forEach(el => {\n\t\t\t\t\tel.classList.remove(\"active\");\n\t\t\t\t\tif(el.classList.contains(\"loc-berlin\")) {\n\t\t\t\t\t\tel.classList.add(\"active\");\n\t\t\t\t\t\tel.addEventListener(\"click\", function(e){\n\t\t\t\t\t\t\te.preventDefault();\n\t\t\t\t\t\t\tbtns.forEach(btn => {\n\t\t\t\t\t\t\t\tbtn.classList.remove(\"active\");\n\t\t\t\t\t\t\t});\n\n\t\t\t\t\t\t\tif(! el.classList.contains(\"active\")) {\n\t\t\t\t\t\t\t\tel.classList.add(\"active\");\n\t\t\t\t\t\t\t}\n\t\t\t\t\t\t\tmap.setCenter(latlngBerlin);\n\t\t\t\t\t\t});\n\t\t\t\t\t}\n\n\t\t\t\t\tif(el.classList.contains(\"loc-muenchen\")) {\n\n\t\t\t\t\t\tel.addEventListener(\"click\", function(e){\n\t\t\t\t\t\t\te.preventDefault();\n\t\t\t\t\t\t\tbtns.forEach(btn => {\n\t\t\t\t\t\t\t\tbtn.classList.remove(\"active\");\n\t\t\t\t\t\t\t});\n\n\t\t\t\t\t\t\tif(! el.classList.contains(\"active\")) {\n\t\t\t\t\t\t\t\tel.classList.add(\"active\");\n\t\t\t\t\t\t\t}\n\t\t\t\t\t\t\tmap.setCenter(latlngMunchen);\n\t\t\t\t\t\t});\n\t\t\t\t\t}\n\n\t\t\t\t\tif(el.classList.contains(\"loc-leipzig\")) {\n\t\t\t\t\t\tel.addEventListener(\"click\", function(e){\n\t\t\t\t\t\t\te.preventDefault();\n\t\t\t\t\t\t\tbtns.forEach(btn => {\n\t\t\t\t\t\t\t\tbtn.classList.remove(\"active\");\n\t\t\t\t\t\t\t});\n\n\t\t\t\t\t\t\tif(! el.classList.contains(\"active\")) {\n\t\t\t\t\t\t\t\tel.classList.add(\"active\");\n\t\t\t\t\t\t\t}\n\t\t\t\t\t\t\tmap.setCenter(latlngLeipzig);\n\t\t\t\t\t\t});\n\t\t\t\t\t}\n\t\t\t\t});\n\n\t\t\t}\n\n\t\t\t<\/script>\n\n   \t\t[\/vc_column][\/vc_row][vc_row][vc_column width=&#8221;1\/2&#8243;][vc_column_text css=&#8221;&#8221;]<\/p>\n<div class=\"wpb_text_column wpb_content_element\">\n<div class=\"wpb_wrapper\">\n<h6 class=\"p1\">Connections and Parking Options<\/h6>\n<\/div>\n<\/div>\n<p>[\/vc_column_text]<ul class=\"nena-icon-list \"><li class=\"\"><span class=\"list-icon\"><img decoding=\"async\" src=\"https:\/\/nena-hotels.de\/wp-content\/uploads\/2024\/06\/24_06_05_nena_icons_uebersicht_kein-Parkplatz.svg\"><\/span>No on-site parking<\/li><li class=\"\"><span class=\"list-icon\"><img decoding=\"async\" src=\"https:\/\/nena-hotels.de\/wp-content\/uploads\/2024\/06\/24_06_05_nena_icons_uebersicht_Hauptbahnhof.svg\"><\/span>Bus stop M41, Bl\u00fccherstra\u00dfe<\/li><li class=\"\"><span class=\"list-icon\"><img decoding=\"async\" src=\"https:\/\/nena-hotels.de\/wp-content\/uploads\/2024\/06\/nena_icon_Natur.svg\"><\/span>Zoologischer Garten: 25 min by U3<\/li><li class=\"\"><span class=\"list-icon\"><img decoding=\"async\" src=\"https:\/\/nena-hotels.de\/wp-content\/uploads\/2024\/06\/24_06_05_nena_icons_uebersicht_Hauptbahnhof.svg\"><\/span>Alexanderplatz: 17 min by Bus 248<\/li><li class=\"\"><span class=\"list-icon\"><img decoding=\"async\" src=\"https:\/\/nena-hotels.de\/wp-content\/uploads\/2024\/06\/24_06_05_nena_icons_uebersicht_Flughafen.svg\"><\/span>BER Airport: 35 min by car, 24 km<\/li><li class=\"\"><span class=\"list-icon\"><img decoding=\"async\" src=\"https:\/\/nena-hotels.de\/wp-content\/uploads\/2024\/06\/24_06_05_nena_icons_uebersicht_Hauptbahnhof.svg\"><\/span>Main train station: 17 min by Bus M41<\/li><\/ul>[\/vc_column][vc_column width=&#8221;1\/2&#8243;][vc_column_text css=&#8221;&#8221;]<\/p>\n<h6 class=\"p1\">Contact<\/h6>\n<p>[\/vc_column_text][vc_column_text css=&#8221;&#8221;]<\/p>\n<p class=\"p1\">Bl\u00fccherstr. 12<br \/>\n10961 Berlin<br \/>\n(District: Kreuzberg)<\/p>\n<p class=\"p1\">Reservations: +49 1590 400 1547 (Mon-Fri 9 AM &#8211; 5 PM)<br \/>\nReception: +49 30 994 056 081 (Mon-Sun 10 AM &#8211; 6 PM)<br \/>\nEmail: <a href=\"mailto:kreuzberg61@nena-apartments.de\">kreuzberg61@nena-apartments.de<\/a><\/p>\n<p class=\"p1\">Emergency contact: Monday \u2013 Sunday, 6 PM &#8211; 2 AM, +49 163 7415604<\/p>\n<p>[\/vc_column_text][\/vc_column][\/vc_row][vc_section][\/vc_section][vc_column width=&#8221;1\/3&#8243;][\/vc_column][vc_column width=&#8221;1\/3&#8243;][\/vc_column][vc_column width=&#8221;1\/3&#8243;][\/vc_column][vc_column width=&#8221;1\/3&#8243;][\/vc_column][vc_column width=&#8221;1\/3&#8243;][\/vc_column][vc_column width=&#8221;1\/3&#8243;][\/vc_column]<\/p>\n<\/div>","protected":false},"excerpt":{"rendered":"<p>[vc_row full_width=&#8221;stretch_row_content_no_spaces&#8221; disable_element=&#8221;yes&#8221;][vc_column][vc_carousel_father arrowclr=&#8221;#ffffff&#8221; dot=&#8221;false&#8221;][vc_carousel_son align=&#8221;left&#8221; titlesize=&#8221;63px&#8221; image_id=&#8221;1676&#8243; img_height=&#8221;800px&#8221; img_width=&#8221;100%&#8221; titleclr=&#8221;#000000&#8243; title=&#8221;Dein R\u00fcckzugsort im Herzen der Stadt&#8221;][\/vc_carousel_son][vc_carousel_son align=&#8221;left&#8221; titlesize=&#8221;63px&#8221; image_id=&#8221;1664&#8243; img_height=&#8221;800px&#8221; img_width=&#8221;100%&#8221; titleclr=&#8221;#000000&#8243;][\/vc_carousel_son][\/vc_carousel_father][\/vc_column][\/vc_row][vc_row][vc_column][vc_empty_space][\/vc_column][\/vc_row][vc_row full_width=&#8221;stretch_row&#8221; gap=&#8221;35&#8243;][vc_column width=&#8221;1\/2&#8243; css=&#8221;.vc_custom_1720004137357{margin-top: -25px !important;}&#8221;][vc_column_text css=&#8221;&#8221;] Kreuzberg is a district known not only for its wild side but also for its relaxed and colorful atmosphere. Discover the difference between the exciting [&hellip;]<\/p>\n","protected":false},"author":7,"featured_media":0,"parent":2341,"menu_order":0,"comment_status":"closed","ping_status":"closed","template":"","meta":{"_acf_changed":false,"inline_featured_image":false,"footnotes":""},"class_list":["post-2227","page","type-page","status-publish","hentry"],"acf":[],"yoast_head":"<!-- This site is optimized with the Yoast SEO plugin v24.4 - https:\/\/yoast.com\/wordpress\/plugins\/seo\/ -->\n<title>Nena Kreuzberg 61 - Nena Hotels<\/title>\n<meta name=\"robots\" content=\"index, follow, max-snippet:-1, max-image-preview:large, max-video-preview:-1\" \/>\n<link rel=\"canonical\" href=\"https:\/\/nena-hotels.de\/en\/locations\/berlin\/kreuzberg-61\/\" \/>\n<meta property=\"og:locale\" content=\"en_US\" \/>\n<meta property=\"og:type\" content=\"article\" \/>\n<meta property=\"og:title\" content=\"Nena Kreuzberg 61 - Nena Hotels\" \/>\n<meta property=\"og:description\" content=\"[vc_row full_width=&#8221;stretch_row_content_no_spaces&#8221; disable_element=&#8221;yes&#8221;][vc_column][vc_carousel_father arrowclr=&#8221;#ffffff&#8221; dot=&#8221;false&#8221;][vc_carousel_son align=&#8221;left&#8221; titlesize=&#8221;63px&#8221; image_id=&#8221;1676&#8243; img_height=&#8221;800px&#8221; img_width=&#8221;100%&#8221; titleclr=&#8221;#000000&#8243; title=&#8221;Dein R\u00fcckzugsort im Herzen der Stadt&#8221;][\/vc_carousel_son][vc_carousel_son align=&#8221;left&#8221; titlesize=&#8221;63px&#8221; image_id=&#8221;1664&#8243; img_height=&#8221;800px&#8221; img_width=&#8221;100%&#8221; titleclr=&#8221;#000000&#8243;][\/vc_carousel_son][\/vc_carousel_father][\/vc_column][\/vc_row][vc_row][vc_column][vc_empty_space][\/vc_column][\/vc_row][vc_row full_width=&#8221;stretch_row&#8221; gap=&#8221;35&#8243;][vc_column width=&#8221;1\/2&#8243; css=&#8221;.vc_custom_1720004137357{margin-top: -25px !important;}&#8221;][vc_column_text css=&#8221;&#8221;] Kreuzberg is a district known not only for its wild side but also for its relaxed and colorful atmosphere. Discover the difference between the exciting [&hellip;]\" \/>\n<meta property=\"og:url\" content=\"https:\/\/nena-hotels.de\/en\/locations\/berlin\/kreuzberg-61\/\" \/>\n<meta property=\"og:site_name\" content=\"Nena Hotels\" \/>\n<meta property=\"article:modified_time\" content=\"2025-02-21T15:41:22+00:00\" \/>\n<meta name=\"twitter:card\" content=\"summary_large_image\" \/>\n<meta name=\"twitter:label1\" content=\"Est. reading time\" \/>\n\t<meta name=\"twitter:data1\" content=\"9 minutes\" \/>\n<script type=\"application\/ld+json\" class=\"yoast-schema-graph\">{\"@context\":\"https:\/\/schema.org\",\"@graph\":[{\"@type\":\"WebPage\",\"@id\":\"https:\/\/nena-hotels.de\/en\/locations\/berlin\/kreuzberg-61\/\",\"url\":\"https:\/\/nena-hotels.de\/en\/locations\/berlin\/kreuzberg-61\/\",\"name\":\"Nena Kreuzberg 61 - Nena Hotels\",\"isPartOf\":{\"@id\":\"https:\/\/nena-hotels.de\/#website\"},\"datePublished\":\"2020-11-20T10:42:34+00:00\",\"dateModified\":\"2025-02-21T15:41:22+00:00\",\"breadcrumb\":{\"@id\":\"https:\/\/nena-hotels.de\/en\/locations\/berlin\/kreuzberg-61\/#breadcrumb\"},\"inLanguage\":\"en-US\",\"potentialAction\":[{\"@type\":\"ReadAction\",\"target\":[\"https:\/\/nena-hotels.de\/en\/locations\/berlin\/kreuzberg-61\/\"]}]},{\"@type\":\"BreadcrumbList\",\"@id\":\"https:\/\/nena-hotels.de\/en\/locations\/berlin\/kreuzberg-61\/#breadcrumb\",\"itemListElement\":[{\"@type\":\"ListItem\",\"position\":1,\"name\":\"Startseite\",\"item\":\"https:\/\/nena-hotels.de\/en\/\"},{\"@type\":\"ListItem\",\"position\":2,\"name\":\"Locations\",\"item\":\"https:\/\/nena-hotels.de\/en\/locations\/\"},{\"@type\":\"ListItem\",\"position\":3,\"name\":\"Berlin\",\"item\":\"https:\/\/nena-hotels.de\/en\/locations\/berlin\/\"},{\"@type\":\"ListItem\",\"position\":4,\"name\":\"Nena Kreuzberg 61\"}]},{\"@type\":\"WebSite\",\"@id\":\"https:\/\/nena-hotels.de\/#website\",\"url\":\"https:\/\/nena-hotels.de\/\",\"name\":\"Nena Apartments\",\"description\":\"Home Away Frome Home\",\"publisher\":{\"@id\":\"https:\/\/nena-hotels.de\/#organization\"},\"potentialAction\":[{\"@type\":\"SearchAction\",\"target\":{\"@type\":\"EntryPoint\",\"urlTemplate\":\"https:\/\/nena-hotels.de\/?s={search_term_string}\"},\"query-input\":{\"@type\":\"PropertyValueSpecification\",\"valueRequired\":true,\"valueName\":\"search_term_string\"}}],\"inLanguage\":\"en-US\"},{\"@type\":\"Organization\",\"@id\":\"https:\/\/nena-hotels.de\/#organization\",\"name\":\"Nena Apartments\",\"url\":\"https:\/\/nena-hotels.de\/\",\"logo\":{\"@type\":\"ImageObject\",\"inLanguage\":\"en-US\",\"@id\":\"https:\/\/nena-hotels.de\/#\/schema\/logo\/image\/\",\"url\":\"https:\/\/nena-hotels.de\/wp-content\/uploads\/2020\/10\/og-nena.png\",\"contentUrl\":\"https:\/\/nena-hotels.de\/wp-content\/uploads\/2020\/10\/og-nena.png\",\"width\":1200,\"height\":630,\"caption\":\"Nena Apartments\"},\"image\":{\"@id\":\"https:\/\/nena-hotels.de\/#\/schema\/logo\/image\/\"}}]}<\/script>\n<!-- \/ Yoast SEO plugin. -->","yoast_head_json":{"title":"Nena Kreuzberg 61 - Nena Hotels","robots":{"index":"index","follow":"follow","max-snippet":"max-snippet:-1","max-image-preview":"max-image-preview:large","max-video-preview":"max-video-preview:-1"},"canonical":"https:\/\/nena-hotels.de\/en\/locations\/berlin\/kreuzberg-61\/","og_locale":"en_US","og_type":"article","og_title":"Nena Kreuzberg 61 - Nena Hotels","og_description":"[vc_row full_width=&#8221;stretch_row_content_no_spaces&#8221; disable_element=&#8221;yes&#8221;][vc_column][vc_carousel_father arrowclr=&#8221;#ffffff&#8221; dot=&#8221;false&#8221;][vc_carousel_son align=&#8221;left&#8221; titlesize=&#8221;63px&#8221; image_id=&#8221;1676&#8243; img_height=&#8221;800px&#8221; img_width=&#8221;100%&#8221; titleclr=&#8221;#000000&#8243; title=&#8221;Dein R\u00fcckzugsort im Herzen der Stadt&#8221;][\/vc_carousel_son][vc_carousel_son align=&#8221;left&#8221; titlesize=&#8221;63px&#8221; image_id=&#8221;1664&#8243; img_height=&#8221;800px&#8221; img_width=&#8221;100%&#8221; titleclr=&#8221;#000000&#8243;][\/vc_carousel_son][\/vc_carousel_father][\/vc_column][\/vc_row][vc_row][vc_column][vc_empty_space][\/vc_column][\/vc_row][vc_row full_width=&#8221;stretch_row&#8221; gap=&#8221;35&#8243;][vc_column width=&#8221;1\/2&#8243; css=&#8221;.vc_custom_1720004137357{margin-top: -25px !important;}&#8221;][vc_column_text css=&#8221;&#8221;] Kreuzberg is a district known not only for its wild side but also for its relaxed and colorful atmosphere. Discover the difference between the exciting [&hellip;]","og_url":"https:\/\/nena-hotels.de\/en\/locations\/berlin\/kreuzberg-61\/","og_site_name":"Nena Hotels","article_modified_time":"2025-02-21T15:41:22+00:00","twitter_card":"summary_large_image","twitter_misc":{"Est. reading time":"9 minutes"},"schema":{"@context":"https:\/\/schema.org","@graph":[{"@type":"WebPage","@id":"https:\/\/nena-hotels.de\/en\/locations\/berlin\/kreuzberg-61\/","url":"https:\/\/nena-hotels.de\/en\/locations\/berlin\/kreuzberg-61\/","name":"Nena Kreuzberg 61 - Nena Hotels","isPartOf":{"@id":"https:\/\/nena-hotels.de\/#website"},"datePublished":"2020-11-20T10:42:34+00:00","dateModified":"2025-02-21T15:41:22+00:00","breadcrumb":{"@id":"https:\/\/nena-hotels.de\/en\/locations\/berlin\/kreuzberg-61\/#breadcrumb"},"inLanguage":"en-US","potentialAction":[{"@type":"ReadAction","target":["https:\/\/nena-hotels.de\/en\/locations\/berlin\/kreuzberg-61\/"]}]},{"@type":"BreadcrumbList","@id":"https:\/\/nena-hotels.de\/en\/locations\/berlin\/kreuzberg-61\/#breadcrumb","itemListElement":[{"@type":"ListItem","position":1,"name":"Startseite","item":"https:\/\/nena-hotels.de\/en\/"},{"@type":"ListItem","position":2,"name":"Locations","item":"https:\/\/nena-hotels.de\/en\/locations\/"},{"@type":"ListItem","position":3,"name":"Berlin","item":"https:\/\/nena-hotels.de\/en\/locations\/berlin\/"},{"@type":"ListItem","position":4,"name":"Nena Kreuzberg 61"}]},{"@type":"WebSite","@id":"https:\/\/nena-hotels.de\/#website","url":"https:\/\/nena-hotels.de\/","name":"Nena Apartments","description":"Home Away Frome Home","publisher":{"@id":"https:\/\/nena-hotels.de\/#organization"},"potentialAction":[{"@type":"SearchAction","target":{"@type":"EntryPoint","urlTemplate":"https:\/\/nena-hotels.de\/?s={search_term_string}"},"query-input":{"@type":"PropertyValueSpecification","valueRequired":true,"valueName":"search_term_string"}}],"inLanguage":"en-US"},{"@type":"Organization","@id":"https:\/\/nena-hotels.de\/#organization","name":"Nena Apartments","url":"https:\/\/nena-hotels.de\/","logo":{"@type":"ImageObject","inLanguage":"en-US","@id":"https:\/\/nena-hotels.de\/#\/schema\/logo\/image\/","url":"https:\/\/nena-hotels.de\/wp-content\/uploads\/2020\/10\/og-nena.png","contentUrl":"https:\/\/nena-hotels.de\/wp-content\/uploads\/2020\/10\/og-nena.png","width":1200,"height":630,"caption":"Nena Apartments"},"image":{"@id":"https:\/\/nena-hotels.de\/#\/schema\/logo\/image\/"}}]}},"_links":{"self":[{"href":"https:\/\/nena-hotels.de\/en\/wp-json\/wp\/v2\/pages\/2227","targetHints":{"allow":["GET"]}}],"collection":[{"href":"https:\/\/nena-hotels.de\/en\/wp-json\/wp\/v2\/pages"}],"about":[{"href":"https:\/\/nena-hotels.de\/en\/wp-json\/wp\/v2\/types\/page"}],"author":[{"embeddable":true,"href":"https:\/\/nena-hotels.de\/en\/wp-json\/wp\/v2\/users\/7"}],"replies":[{"embeddable":true,"href":"https:\/\/nena-hotels.de\/en\/wp-json\/wp\/v2\/comments?post=2227"}],"version-history":[{"count":10,"href":"https:\/\/nena-hotels.de\/en\/wp-json\/wp\/v2\/pages\/2227\/revisions"}],"predecessor-version":[{"id":5889,"href":"https:\/\/nena-hotels.de\/en\/wp-json\/wp\/v2\/pages\/2227\/revisions\/5889"}],"up":[{"embeddable":true,"href":"https:\/\/nena-hotels.de\/en\/wp-json\/wp\/v2\/pages\/2341"}],"wp:attachment":[{"href":"https:\/\/nena-hotels.de\/en\/wp-json\/wp\/v2\/media?parent=2227"}],"curies":[{"name":"wp","href":"https:\/\/api.w.org\/{rel}","templated":true}]}}